{"id":5339,"date":"2024-07-02T13:41:12","date_gmt":"2024-07-02T11:41:12","guid":{"rendered":"https:\/\/emo-racing.tobien-design.de\/?page_id=5339"},"modified":"2024-09-03T16:58:40","modified_gmt":"2024-09-03T14:58:40","slug":"marketplace-tuning","status":"publish","type":"page","link":"https:\/\/emo-racing.de\/en\/marketplace-tuning\/","title":{"rendered":"Marketplace Tuning"},"content":{"rendered":"<div class=\"vc_row wpb_row vc_row-fluid mkdf-content-aligment-center\" ><div class=\"wpb_column vc_column_container vc_col-sm-2\"><div class=\"vc_column-inner\"><div class=\"wpb_wrapper\"><\/div><\/div><\/div><div class=\"wpb_column vc_column_container vc_col-sm-8\"><div class=\"vc_column-inner\"><div class=\"wpb_wrapper\"><div class=\"vc_empty_space\"   style=\"height: 72px\"><span class=\"vc_empty_space_inner\"><\/span><\/div>\n\t<div class=\"wpb_text_column wpb_content_element\" >\n\t\t<div class=\"wpb_wrapper\">\n\t\t\t<h2>Your project, full dedication<\/h2>\n<p>Marketplace Tuning, your platform for the ultimate vehicle trade! Here you will find a hand-picked selection of our best projects. Whether you are looking for a unique sim racing rig, a lovingly restored historic racing machine or a perfectly optimised sports car for road and track - we have the right thing for you. Our swap market offers you the opportunity to live out your passion for motorsport and vehicle optimisation. See for yourself and discover what the Tuning Marketplace has in store for you!<\/p>\n\n\t\t<\/div>\n\t<\/div>\n<\/div><\/div><\/div><div class=\"wpb_column vc_column_container vc_col-sm-2\"><div class=\"vc_column-inner\"><div class=\"wpb_wrapper\"><\/div><\/div><\/div><\/div><div class=\"mkdf-row-grid-section-wrapper\"  ><div class=\"mkdf-row-grid-section\"><div class=\"vc_row wpb_row vc_row-fluid vc_custom_1719920595828\" ><div class=\"mkdf-vertical-lines\"><span class=\"mkdf-vertical-line\"><\/span><span class=\"mkdf-vertical-line\"><\/span><span class=\"mkdf-vertical-line\"><\/span><\/div><div class=\"wpb_column vc_column_container vc_col-sm-12\"><div class=\"vc_column-inner\"><div class=\"wpb_wrapper\"><div class=\"mkdf-portfolio-list-holder mkdf-grid-list mkdf-grid-masonry-list mkdf-pl-masonry mkdf-four-columns mkdf-tiny-space  mkdf-pl-standard-move mkdf-fixed-masonry-items mkdf-pl-has-shadow  mkdf-pl-pag-load-more mkdf-pl-has-filter\"  data-type=\"masonry\" data-number-of-columns=\"four\" data-space-between-items=\"tiny\" data-number-of-items=\"12\" data-image-proportions=\"full\" data-enable-fixed-proportions=\"yes\" data-enable-image-shadow=\"yes\" data-orderby=\"date\" data-order=\"DESC\" data-item-style=\"standard-move\" data-enable-title=\"yes\" data-title-tag=\"h4\" data-enable-category=\"yes\" data-enable-count-images=\"yes\" data-enable-excerpt=\"no\" data-excerpt-length=\"20\" data-pagination-type=\"load-more\" data-load-more-top-margin=\"90px\" data-filter=\"yes\" data-filter-order-by=\"name\" data-enable-article-animation=\"no\" data-portfolio-slider-on=\"no\" data-enable-loop=\"yes\" data-enable-autoplay=\"yes\" data-slider-speed=\"5000\" data-slider-speed-animation=\"600\" data-enable-navigation=\"yes\" data-enable-pagination=\"yes\" data-max-num-pages=\"1\" data-next-page=\"2\">\n\t\t<div class=\"mkdf-pl-filter-holder\" >\n\t\t<div class=\"mkdf-plf-inner\">\n\t\t\t\t\t\t\t<ul >\n\t\t\t\t\t<li class=\"mkdf-pl-filter\" data-filter=\"\">\n\t\t\t\t\t\t<span>Show all<\/span>\n\t\t\t\t\t<\/li>\n\t\t\t\t\t\t\t\t\t\t\t\n\t\t\t\t\t\t<li class=\"mkdf-pl-filter\" data-filter=\".portfolio-category-festpreis\">\n\t\t\t\t\t\t\t<span>Festpreis<\/span>\n\t\t\t\t\t\t<\/li>\n\t\t\t\t\t\t\t\t\t\t\t\n\t\t\t\t\t\t<li class=\"mkdf-pl-filter\" data-filter=\".portfolio-category-michelin\">\n\t\t\t\t\t\t\t<span>Michelin<\/span>\n\t\t\t\t\t\t<\/li>\n\t\t\t\t\t\t\t\t\t\t\t\n\t\t\t\t\t\t<li class=\"mkdf-pl-filter\" data-filter=\".portfolio-category-reifen\">\n\t\t\t\t\t\t\t<span>Reifen<\/span>\n\t\t\t\t\t\t<\/li>\n\t\t\t\t\t\t\t\t\t\t\t\n\t\t\t\t\t\t<li class=\"mkdf-pl-filter\" data-filter=\".portfolio-category-schalensitze\">\n\t\t\t\t\t\t\t<span>Schalensitze<\/span>\n\t\t\t\t\t\t<\/li>\n\t\t\t\t\t\t\t\t\t\t\t\n\t\t\t\t\t\t<li class=\"mkdf-pl-filter\" data-filter=\".portfolio-category-strassensport\">\n\t\t\t\t\t\t\t<span>Street sport<\/span>\n\t\t\t\t\t\t<\/li>\n\t\t\t\t\t\t\t\t\t<\/ul>\n\t\t\t\t\t<\/div>\n\t<\/div>\n\t<div class=\"mkdf-pl-inner mkdf-outer-space mkdf-masonry-list-wrapper clearfix\">\n\t\t<div class=\"mkdf-masonry-grid-sizer\"><\/div>\n\t\t<div class=\"mkdf-masonry-grid-gutter\"><\/div>\n\t\t<article class=\"mkdf-pl-item mkdf-item-space  post-5588 portfolio-item type-portfolio-item status-publish has-post-thumbnail hentry portfolio-category-schalensitze portfolio-tag-recaro\">\n\t<div class=\"mkdf-pl-item-inner\">\n\t\t<div class=\"mkdf-pli-image\">\n\t<img loading=\"lazy\" decoding=\"async\" width=\"240\" height=\"320\" src=\"https:\/\/emo-racing.de\/wp-content\/uploads\/2025\/02\/IMG_7307-rotated.jpg\" class=\"attachment-full size-full wp-post-image\" alt=\"\" srcset=\"https:\/\/emo-racing.de\/wp-content\/uploads\/2025\/02\/IMG_7307-rotated.jpg 240w, https:\/\/emo-racing.de\/wp-content\/uploads\/2025\/02\/IMG_7307-225x300.jpg 225w, https:\/\/emo-racing.de\/wp-content\/uploads\/2025\/02\/IMG_7307-9x12.jpg 9w\" sizes=\"auto, (max-width: 240px) 100vw, 240px\" \/><\/div>\n<div class=\"mkdf-pli-text-holder\" >\n\t<div class=\"mkdf-pli-text-wrapper\">\n\t\t<div class=\"mkdf-pli-text\">\n\t\t\t<span class=\"mkdf-pli-date\">7. April 2025 <\/span>\n\t\t\t\n\t\t\t\t<h4 itemprop=\"name\" class=\"mkdf-pli-title entry-title\" >\n\t\tRecaro Carbon Podium\t<\/h4>\n\n\t\t\t\t\t<div class=\"mkdf-pli-category-holder\">\n\t\t\t\t\t\t\t<a itemprop=\"url\" class=\"mkdf-pli-category\" href=\"https:\/\/emo-racing.de\/en\/portfolio-category\/schalensitze\/\">Schalensitze<\/a>\n\t\t\t\t\t<\/div>\n\t\n\t\t\t\n\t\t\t\t\t<\/div>\n\t<\/div>\n<\/div>\n\t\t<a itemprop=\"url\" class=\"mkdf-pli-link mkdf-block-drag-link\" href=\"https:\/\/emo-racing.de\/en\/product\/recaro-carbon-podium\/\" target=\"_self\"><\/a>\n\t<\/div>\n<\/article><article class=\"mkdf-pl-item mkdf-item-space  post-5551 portfolio-item type-portfolio-item status-publish has-post-thumbnail hentry portfolio-category-michelin portfolio-category-reifen portfolio-tag-fahrzeugoptimierung portfolio-tag-lite-blox portfolio-tag-michelin portfolio-tag-oehlins portfolio-tag-recaro portfolio-tag-reifen portfolio-tag-sportwagen\">\n\t<div class=\"mkdf-pl-item-inner\">\n\t\t<div class=\"mkdf-pli-image\">\n\t<img loading=\"lazy\" decoding=\"async\" width=\"480\" height=\"640\" src=\"https:\/\/emo-racing.de\/wp-content\/uploads\/2025\/02\/IMG_7176-rotated.jpg\" class=\"attachment-full size-full wp-post-image\" alt=\"\" srcset=\"https:\/\/emo-racing.de\/wp-content\/uploads\/2025\/02\/IMG_7176-rotated.jpg 480w, https:\/\/emo-racing.de\/wp-content\/uploads\/2025\/02\/IMG_7176-225x300.jpg 225w, https:\/\/emo-racing.de\/wp-content\/uploads\/2025\/02\/IMG_7176-9x12.jpg 9w\" sizes=\"auto, (max-width: 480px) 100vw, 480px\" \/><\/div>\n<div class=\"mkdf-pli-text-holder\" >\n\t<div class=\"mkdf-pli-text-wrapper\">\n\t\t<div class=\"mkdf-pli-text\">\n\t\t\t<span class=\"mkdf-pli-date\">19. February 2025 <\/span>\n\t\t\t\n\t\t\t\t<h4 itemprop=\"name\" class=\"mkdf-pli-title entry-title\" >\n\t\tMichelin Sport Cup 2 R\t<\/h4>\n\n\t\t\t\t\t<div class=\"mkdf-pli-category-holder\">\n\t\t\t\t\t\t\t<a itemprop=\"url\" class=\"mkdf-pli-category\" href=\"https:\/\/emo-racing.de\/en\/portfolio-category\/michelin\/\">Michelin<\/a>\n\t\t\t\t\t\t\t<a itemprop=\"url\" class=\"mkdf-pli-category\" href=\"https:\/\/emo-racing.de\/en\/portfolio-category\/reifen\/\">Reifen<\/a>\n\t\t\t\t\t<\/div>\n\t\n\t\t\t\n\t\t\t\t\t<\/div>\n\t<\/div>\n<\/div>\n\t\t<a itemprop=\"url\" class=\"mkdf-pli-link mkdf-block-drag-link\" href=\"https:\/\/emo-racing.de\/en\/product\/michelin-sport-cup-2-r\/\" target=\"_self\"><\/a>\n\t<\/div>\n<\/article><article class=\"mkdf-pl-item mkdf-item-space  post-5550 portfolio-item type-portfolio-item status-publish has-post-thumbnail hentry portfolio-category-michelin portfolio-category-reifen portfolio-tag-fahrzeugoptimierung portfolio-tag-lite-blox portfolio-tag-michelin portfolio-tag-oehlins portfolio-tag-recaro portfolio-tag-reifen portfolio-tag-sportwagen\">\n\t<div class=\"mkdf-pl-item-inner\">\n\t\t<div class=\"mkdf-pli-image\">\n\t<img loading=\"lazy\" decoding=\"async\" width=\"640\" height=\"480\" src=\"https:\/\/emo-racing.de\/wp-content\/uploads\/2025\/02\/IMG_7173.jpg\" class=\"attachment-full size-full wp-post-image\" alt=\"\" srcset=\"https:\/\/emo-racing.de\/wp-content\/uploads\/2025\/02\/IMG_7173.jpg 640w, https:\/\/emo-racing.de\/wp-content\/uploads\/2025\/02\/IMG_7173-300x225.jpg 300w, https:\/\/emo-racing.de\/wp-content\/uploads\/2025\/02\/IMG_7173-16x12.jpg 16w\" sizes=\"auto, (max-width: 640px) 100vw, 640px\" \/><\/div>\n<div class=\"mkdf-pli-text-holder\" >\n\t<div class=\"mkdf-pli-text-wrapper\">\n\t\t<div class=\"mkdf-pli-text\">\n\t\t\t<span class=\"mkdf-pli-date\">19. February 2025 <\/span>\n\t\t\t\n\t\t\t\t<h4 itemprop=\"name\" class=\"mkdf-pli-title entry-title\" >\n\t\tMichelin Sport 4 S\t<\/h4>\n\n\t\t\t\t\t<div class=\"mkdf-pli-category-holder\">\n\t\t\t\t\t\t\t<a itemprop=\"url\" class=\"mkdf-pli-category\" href=\"https:\/\/emo-racing.de\/en\/portfolio-category\/michelin\/\">Michelin<\/a>\n\t\t\t\t\t\t\t<a itemprop=\"url\" class=\"mkdf-pli-category\" href=\"https:\/\/emo-racing.de\/en\/portfolio-category\/reifen\/\">Reifen<\/a>\n\t\t\t\t\t<\/div>\n\t\n\t\t\t\n\t\t\t\t\t<\/div>\n\t<\/div>\n<\/div>\n\t\t<a itemprop=\"url\" class=\"mkdf-pli-link mkdf-block-drag-link\" href=\"https:\/\/emo-racing.de\/en\/product\/michelin-sport-4-s\/\" target=\"_self\"><\/a>\n\t<\/div>\n<\/article><article class=\"mkdf-pl-item mkdf-item-space  post-5539 portfolio-item type-portfolio-item status-publish has-post-thumbnail hentry portfolio-category-michelin portfolio-category-reifen portfolio-tag-fahrzeugoptimierung portfolio-tag-lite-blox portfolio-tag-michelin portfolio-tag-oehlins portfolio-tag-recaro portfolio-tag-reifen portfolio-tag-sportwagen\">\n\t<div class=\"mkdf-pl-item-inner\">\n\t\t<div class=\"mkdf-pli-image\">\n\t<img loading=\"lazy\" decoding=\"async\" width=\"480\" height=\"640\" src=\"https:\/\/emo-racing.de\/wp-content\/uploads\/2025\/02\/IMG_7170-rotated.jpg\" class=\"attachment-full size-full wp-post-image\" alt=\"\" srcset=\"https:\/\/emo-racing.de\/wp-content\/uploads\/2025\/02\/IMG_7170-rotated.jpg 480w, https:\/\/emo-racing.de\/wp-content\/uploads\/2025\/02\/IMG_7170-225x300.jpg 225w, https:\/\/emo-racing.de\/wp-content\/uploads\/2025\/02\/IMG_7170-9x12.jpg 9w\" sizes=\"auto, (max-width: 480px) 100vw, 480px\" \/><\/div>\n<div class=\"mkdf-pli-text-holder\" >\n\t<div class=\"mkdf-pli-text-wrapper\">\n\t\t<div class=\"mkdf-pli-text\">\n\t\t\t<span class=\"mkdf-pli-date\">19. February 2025 <\/span>\n\t\t\t\n\t\t\t\t<h4 itemprop=\"name\" class=\"mkdf-pli-title entry-title\" >\n\t\tMichelin Sport Cup 2\t<\/h4>\n\n\t\t\t\t\t<div class=\"mkdf-pli-category-holder\">\n\t\t\t\t\t\t\t<a itemprop=\"url\" class=\"mkdf-pli-category\" href=\"https:\/\/emo-racing.de\/en\/portfolio-category\/michelin\/\">Michelin<\/a>\n\t\t\t\t\t\t\t<a itemprop=\"url\" class=\"mkdf-pli-category\" href=\"https:\/\/emo-racing.de\/en\/portfolio-category\/reifen\/\">Reifen<\/a>\n\t\t\t\t\t<\/div>\n\t\n\t\t\t\n\t\t\t\t\t<\/div>\n\t<\/div>\n<\/div>\n\t\t<a itemprop=\"url\" class=\"mkdf-pli-link mkdf-block-drag-link\" href=\"https:\/\/emo-racing.de\/en\/product\/michelin-sport-cup-2\/\" target=\"_self\"><\/a>\n\t<\/div>\n<\/article><article class=\"mkdf-pl-item mkdf-item-space  post-5530 portfolio-item type-portfolio-item status-publish has-post-thumbnail hentry portfolio-category-festpreis portfolio-category-strassensport portfolio-tag-fahrzeugoptimierung portfolio-tag-lite-blox portfolio-tag-oehlins portfolio-tag-recaro portfolio-tag-reifen portfolio-tag-sportwagen\">\n\t<div class=\"mkdf-pl-item-inner\">\n\t\t<div class=\"mkdf-pli-image\">\n\t<img loading=\"lazy\" decoding=\"async\" width=\"1920\" height=\"2560\" src=\"https:\/\/emo-racing.de\/wp-content\/uploads\/2025\/02\/IMG_7185-scaled.jpg\" class=\"attachment-full size-full wp-post-image\" alt=\"\" srcset=\"https:\/\/emo-racing.de\/wp-content\/uploads\/2025\/02\/IMG_7185-scaled.jpg 1920w, https:\/\/emo-racing.de\/wp-content\/uploads\/2025\/02\/IMG_7185-225x300.jpg 225w, https:\/\/emo-racing.de\/wp-content\/uploads\/2025\/02\/IMG_7185-768x1024.jpg 768w, https:\/\/emo-racing.de\/wp-content\/uploads\/2025\/02\/IMG_7185-1152x1536.jpg 1152w, https:\/\/emo-racing.de\/wp-content\/uploads\/2025\/02\/IMG_7185-1536x2048.jpg 1536w, https:\/\/emo-racing.de\/wp-content\/uploads\/2025\/02\/IMG_7185-9x12.jpg 9w\" sizes=\"auto, (max-width: 1920px) 100vw, 1920px\" \/><\/div>\n<div class=\"mkdf-pli-text-holder\" >\n\t<div class=\"mkdf-pli-text-wrapper\">\n\t\t<div class=\"mkdf-pli-text\">\n\t\t\t<span class=\"mkdf-pli-date\">14. February 2025 <\/span>\n\t\t\t\n\t\t\t\t<h4 itemprop=\"name\" class=\"mkdf-pli-title entry-title\" >\n\t\tPorsche 992 Carrera Komplettr\u00e4der\t<\/h4>\n\n\t\t\t\t\t<div class=\"mkdf-pli-category-holder\">\n\t\t\t\t\t\t\t<a itemprop=\"url\" class=\"mkdf-pli-category\" href=\"https:\/\/emo-racing.de\/en\/portfolio-category\/festpreis\/\">Festpreis<\/a>\n\t\t\t\t\t\t\t<a itemprop=\"url\" class=\"mkdf-pli-category\" href=\"https:\/\/emo-racing.de\/en\/portfolio-category\/strassensport\/\">Street sport<\/a>\n\t\t\t\t\t<\/div>\n\t\n\t\t\t\n\t\t\t\t\t<\/div>\n\t<\/div>\n<\/div>\n\t\t<a itemprop=\"url\" class=\"mkdf-pli-link mkdf-block-drag-link\" href=\"https:\/\/emo-racing.de\/en\/product\/porsche-992-carrera-komplettraeder\/\" target=\"_self\"><\/a>\n\t<\/div>\n<\/article>\t<\/div>\n\t\n\t<\/div><\/div><\/div><\/div><\/div><\/div><\/div>","protected":false},"excerpt":{"rendered":"Neuwertige Original Felgen mit Pirelli Zero Reifen \u2013 Festpreis Produktbeschreibung: Komplettr\u00e4der neuwertig keine Besch\u00e4digungen, Profiltiefe siehe Bilder . Details: Kompatibilit\u00e4t: [992 Carrera 2021 Baujahr 2021] Reifen : VA 245\/35 ZR 20 HA 305\/30 ZR21 Preis: Festpreis [3999.- \u20ac] Versand: Selbstabholung Kontakt: Bei Interesse oder Fragen einfach eine Nachricht senden. Kontaktformular [...]","protected":false},"author":1,"featured_media":0,"parent":0,"menu_order":0,"comment_status":"closed","ping_status":"closed","template":"full-width.php","meta":{"footnotes":""},"class_list":["post-5339","page","type-page","status-publish","hentry"],"yoast_head":"<!-- This site is optimized with the Yoast SEO plugin v24.4 - https:\/\/yoast.com\/wordpress\/plugins\/seo\/ -->\n<title>Marketplace Tuning | EMO Racing<\/title>\n<meta name=\"robots\" content=\"index, follow, max-snippet:-1, max-image-preview:large, max-video-preview:-1\" \/>\n<link rel=\"canonical\" href=\"https:\/\/emo-racing.de\/en\/marketplace-tuning\/\" \/>\n<meta property=\"og:locale\" content=\"en_GB\" \/>\n<meta property=\"og:type\" content=\"article\" \/>\n<meta property=\"og:title\" content=\"Marketplace Tuning | EMO Racing\" \/>\n<meta property=\"og:url\" content=\"https:\/\/emo-racing.de\/en\/marketplace-tuning\/\" \/>\n<meta property=\"og:site_name\" content=\"EMO Racing\" \/>\n<meta property=\"article:modified_time\" content=\"2024-09-03T14:58:40+00:00\" \/>\n<meta property=\"og:image\" content=\"https:\/\/emo-racing.de\/wp-content\/uploads\/2024\/08\/emo-racing-header.jpg\" \/>\n\t<meta property=\"og:image:width\" content=\"1920\" \/>\n\t<meta property=\"og:image:height\" content=\"960\" \/>\n\t<meta property=\"og:image:type\" content=\"image\/jpeg\" \/>\n<meta name=\"twitter:card\" content=\"summary_large_image\" \/>\n<meta name=\"twitter:label1\" content=\"Estimated reading time\" \/>\n\t<meta name=\"twitter:data1\" content=\"1 minute\" \/>\n<script type=\"application\/ld+json\" class=\"yoast-schema-graph\">{\"@context\":\"https:\/\/schema.org\",\"@graph\":[{\"@type\":\"WebPage\",\"@id\":\"https:\/\/emo-racing.de\/marketplace-tuning\/\",\"url\":\"https:\/\/emo-racing.de\/marketplace-tuning\/\",\"name\":\"Marketplace Tuning | EMO Racing\",\"isPartOf\":{\"@id\":\"https:\/\/emo-racing.de\/#website\"},\"datePublished\":\"2024-07-02T11:41:12+00:00\",\"dateModified\":\"2024-09-03T14:58:40+00:00\",\"breadcrumb\":{\"@id\":\"https:\/\/emo-racing.de\/marketplace-tuning\/#breadcrumb\"},\"inLanguage\":\"en-GB\",\"potentialAction\":[{\"@type\":\"ReadAction\",\"target\":[\"https:\/\/emo-racing.de\/marketplace-tuning\/\"]}]},{\"@type\":\"BreadcrumbList\",\"@id\":\"https:\/\/emo-racing.de\/marketplace-tuning\/#breadcrumb\",\"itemListElement\":[{\"@type\":\"ListItem\",\"position\":1,\"name\":\"Startseite\",\"item\":\"https:\/\/emo-racing.de\/\"},{\"@type\":\"ListItem\",\"position\":2,\"name\":\"Marketplace Tuning\"}]},{\"@type\":\"WebSite\",\"@id\":\"https:\/\/emo-racing.de\/#website\",\"url\":\"https:\/\/emo-racing.de\/\",\"name\":\"EMO Racing GmbH\",\"description\":\"Motorsport-Consulting\",\"publisher\":{\"@id\":\"https:\/\/emo-racing.de\/#organization\"},\"potentialAction\":[{\"@type\":\"SearchAction\",\"target\":{\"@type\":\"EntryPoint\",\"urlTemplate\":\"https:\/\/emo-racing.de\/?s={search_term_string}\"},\"query-input\":{\"@type\":\"PropertyValueSpecification\",\"valueRequired\":true,\"valueName\":\"search_term_string\"}}],\"inLanguage\":\"en-GB\"},{\"@type\":\"Organization\",\"@id\":\"https:\/\/emo-racing.de\/#organization\",\"name\":\"EMO Racing\",\"url\":\"https:\/\/emo-racing.de\/\",\"logo\":{\"@type\":\"ImageObject\",\"inLanguage\":\"en-GB\",\"@id\":\"https:\/\/emo-racing.de\/#\/schema\/logo\/image\/\",\"url\":\"https:\/\/emo-racing.de\/wp-content\/uploads\/2024\/06\/emo-racing_logo_transparent_background.png\",\"contentUrl\":\"https:\/\/emo-racing.de\/wp-content\/uploads\/2024\/06\/emo-racing_logo_transparent_background.png\",\"width\":315,\"height\":75,\"caption\":\"EMO Racing\"},\"image\":{\"@id\":\"https:\/\/emo-racing.de\/#\/schema\/logo\/image\/\"}}]}<\/script>\n<!-- \/ Yoast SEO plugin. -->","yoast_head_json":{"title":"Marketplace Tuning | EMO Racing","robots":{"index":"index","follow":"follow","max-snippet":"max-snippet:-1","max-image-preview":"max-image-preview:large","max-video-preview":"max-video-preview:-1"},"canonical":"https:\/\/emo-racing.de\/en\/marketplace-tuning\/","og_locale":"en_GB","og_type":"article","og_title":"Marketplace Tuning | EMO Racing","og_url":"https:\/\/emo-racing.de\/en\/marketplace-tuning\/","og_site_name":"EMO Racing","article_modified_time":"2024-09-03T14:58:40+00:00","og_image":[{"width":1920,"height":960,"url":"https:\/\/emo-racing.de\/wp-content\/uploads\/2024\/08\/emo-racing-header.jpg","type":"image\/jpeg"}],"twitter_card":"summary_large_image","twitter_misc":{"Estimated reading time":"1 minute"},"schema":{"@context":"https:\/\/schema.org","@graph":[{"@type":"WebPage","@id":"https:\/\/emo-racing.de\/marketplace-tuning\/","url":"https:\/\/emo-racing.de\/marketplace-tuning\/","name":"Marketplace Tuning | EMO Racing","isPartOf":{"@id":"https:\/\/emo-racing.de\/#website"},"datePublished":"2024-07-02T11:41:12+00:00","dateModified":"2024-09-03T14:58:40+00:00","breadcrumb":{"@id":"https:\/\/emo-racing.de\/marketplace-tuning\/#breadcrumb"},"inLanguage":"en-GB","potentialAction":[{"@type":"ReadAction","target":["https:\/\/emo-racing.de\/marketplace-tuning\/"]}]},{"@type":"BreadcrumbList","@id":"https:\/\/emo-racing.de\/marketplace-tuning\/#breadcrumb","itemListElement":[{"@type":"ListItem","position":1,"name":"Startseite","item":"https:\/\/emo-racing.de\/"},{"@type":"ListItem","position":2,"name":"Marketplace Tuning"}]},{"@type":"WebSite","@id":"https:\/\/emo-racing.de\/#website","url":"https:\/\/emo-racing.de\/","name":"EMO Racing GmbH","description":"Motorsport-Consulting","publisher":{"@id":"https:\/\/emo-racing.de\/#organization"},"potentialAction":[{"@type":"SearchAction","target":{"@type":"EntryPoint","urlTemplate":"https:\/\/emo-racing.de\/?s={search_term_string}"},"query-input":{"@type":"PropertyValueSpecification","valueRequired":true,"valueName":"search_term_string"}}],"inLanguage":"en-GB"},{"@type":"Organization","@id":"https:\/\/emo-racing.de\/#organization","name":"EMO Racing","url":"https:\/\/emo-racing.de\/","logo":{"@type":"ImageObject","inLanguage":"en-GB","@id":"https:\/\/emo-racing.de\/#\/schema\/logo\/image\/","url":"https:\/\/emo-racing.de\/wp-content\/uploads\/2024\/06\/emo-racing_logo_transparent_background.png","contentUrl":"https:\/\/emo-racing.de\/wp-content\/uploads\/2024\/06\/emo-racing_logo_transparent_background.png","width":315,"height":75,"caption":"EMO Racing"},"image":{"@id":"https:\/\/emo-racing.de\/#\/schema\/logo\/image\/"}}]}},"_links":{"self":[{"href":"https:\/\/emo-racing.de\/en\/wp-json\/wp\/v2\/pages\/5339","targetHints":{"allow":["GET"]}}],"collection":[{"href":"https:\/\/emo-racing.de\/en\/wp-json\/wp\/v2\/pages"}],"about":[{"href":"https:\/\/emo-racing.de\/en\/wp-json\/wp\/v2\/types\/page"}],"author":[{"embeddable":true,"href":"https:\/\/emo-racing.de\/en\/wp-json\/wp\/v2\/users\/1"}],"replies":[{"embeddable":true,"href":"https:\/\/emo-racing.de\/en\/wp-json\/wp\/v2\/comments?post=5339"}],"version-history":[{"count":6,"href":"https:\/\/emo-racing.de\/en\/wp-json\/wp\/v2\/pages\/5339\/revisions"}],"predecessor-version":[{"id":5470,"href":"https:\/\/emo-racing.de\/en\/wp-json\/wp\/v2\/pages\/5339\/revisions\/5470"}],"wp:attachment":[{"href":"https:\/\/emo-racing.de\/en\/wp-json\/wp\/v2\/media?parent=5339"}],"curies":[{"name":"wp","href":"https:\/\/api.w.org\/{rel}","templated":true}]}}